{"id":868,"date":"2018-10-15T12:55:31","date_gmt":"2018-10-15T12:55:31","guid":{"rendered":"https:\/\/www.intercitygroup.ch\/about-us\/organisation\/"},"modified":"2026-03-24T10:29:43","modified_gmt":"2026-03-24T09:29:43","slug":"organization","status":"publish","type":"page","link":"https:\/\/www.intercitygroup.ch\/en\/about-us\/organization\/","title":{"rendered":"Organization"},"content":{"rendered":"","protected":false},"excerpt":{"rendered":"","protected":false},"author":24,"featured_media":0,"parent":862,"menu_order":0,"comment_status":"closed","ping_status":"closed","template":"","meta":{"_acf_changed":false,"footnotes":""},"class_list":["post-868","page","type-page","status-publish","hentry"],"acf":[],"yoast_head":"<!-- This site is optimized with the Yoast SEO plugin v27.0 - https:\/\/yoast.com\/product\/yoast-seo-wordpress\/ -->\n<title>Organisation - Intercity Group<\/title>\n<meta name=\"description\" content=\"Unsere Organisation ist agil und immer nah am Kunden. Durch flache Hierarchien an unseren f\u00fcnf Standorten stellen wir schnelle Entscheidungswege sicher und sorgen daf\u00fcr, dass der Know-how-Transfer bereichs\u00fcbergreifend funktioniert.\" \/>\n<meta name=\"robots\" content=\"index, follow, max-snippet:-1, max-image-preview:large, max-video-preview:-1\" \/>\n<link rel=\"canonical\" href=\"https:\/\/www.intercitygroup.ch\/en\/about-us\/organization\/\" \/>\n<meta property=\"og:locale\" content=\"en_US\" \/>\n<meta property=\"og:type\" content=\"article\" \/>\n<meta property=\"og:title\" content=\"Organisation - Intercity Group\" \/>\n<meta property=\"og:description\" content=\"Unsere Organisation ist agil und immer nah am Kunden. Durch flache Hierarchien an unseren f\u00fcnf Standorten stellen wir schnelle Entscheidungswege sicher und sorgen daf\u00fcr, dass der Know-how-Transfer bereichs\u00fcbergreifend funktioniert.\" \/>\n<meta property=\"og:url\" content=\"https:\/\/www.intercitygroup.ch\/en\/about-us\/organization\/\" \/>\n<meta property=\"og:site_name\" content=\"Intercity Group\" \/>\n<meta property=\"article:modified_time\" content=\"2026-03-24T09:29:43+00:00\" \/>\n<meta name=\"twitter:card\" content=\"summary_large_image\" \/>\n<script type=\"application\/ld+json\" class=\"yoast-schema-graph\">{\"@context\":\"https:\/\/schema.org\",\"@graph\":[{\"@type\":\"WebPage\",\"@id\":\"https:\/\/www.intercitygroup.ch\/en\/about-us\/organization\/\",\"url\":\"https:\/\/www.intercitygroup.ch\/en\/about-us\/organization\/\",\"name\":\"Organisation - Intercity Group\",\"isPartOf\":{\"@id\":\"https:\/\/www.intercitygroup.ch\/en\/#website\"},\"datePublished\":\"2018-10-15T12:55:31+00:00\",\"dateModified\":\"2026-03-24T09:29:43+00:00\",\"description\":\"Unsere Organisation ist agil und immer nah am Kunden. Durch flache Hierarchien an unseren f\u00fcnf Standorten stellen wir schnelle Entscheidungswege sicher und sorgen daf\u00fcr, dass der Know-how-Transfer bereichs\u00fcbergreifend funktioniert.\",\"breadcrumb\":{\"@id\":\"https:\/\/www.intercitygroup.ch\/en\/about-us\/organization\/#breadcrumb\"},\"inLanguage\":\"en-US\",\"potentialAction\":[{\"@type\":\"ReadAction\",\"target\":[\"https:\/\/www.intercitygroup.ch\/en\/about-us\/organization\/\"]}]},{\"@type\":\"BreadcrumbList\",\"@id\":\"https:\/\/www.intercitygroup.ch\/en\/about-us\/organization\/#breadcrumb\",\"itemListElement\":[{\"@type\":\"ListItem\",\"position\":1,\"name\":\"Home\",\"item\":\"https:\/\/www.intercitygroup.ch\/en\/\"},{\"@type\":\"ListItem\",\"position\":2,\"name\":\"About us\",\"item\":\"https:\/\/www.intercitygroup.ch\/en\/about-us\/\"},{\"@type\":\"ListItem\",\"position\":3,\"name\":\"Organization\"}]},{\"@type\":\"WebSite\",\"@id\":\"https:\/\/www.intercitygroup.ch\/en\/#website\",\"url\":\"https:\/\/www.intercitygroup.ch\/en\/\",\"name\":\"Intercity Group\",\"description\":\"\",\"potentialAction\":[{\"@type\":\"SearchAction\",\"target\":{\"@type\":\"EntryPoint\",\"urlTemplate\":\"https:\/\/www.intercitygroup.ch\/en\/?s={search_term_string}\"},\"query-input\":{\"@type\":\"PropertyValueSpecification\",\"valueRequired\":true,\"valueName\":\"search_term_string\"}}],\"inLanguage\":\"en-US\"}]}<\/script>\n<!-- \/ Yoast SEO plugin. -->","yoast_head_json":{"title":"Organisation - Intercity Group","description":"Unsere Organisation ist agil und immer nah am Kunden. Durch flache Hierarchien an unseren f\u00fcnf Standorten stellen wir schnelle Entscheidungswege sicher und sorgen daf\u00fcr, dass der Know-how-Transfer bereichs\u00fcbergreifend funktioniert.","robots":{"index":"index","follow":"follow","max-snippet":"max-snippet:-1","max-image-preview":"max-image-preview:large","max-video-preview":"max-video-preview:-1"},"canonical":"https:\/\/www.intercitygroup.ch\/en\/about-us\/organization\/","og_locale":"en_US","og_type":"article","og_title":"Organisation - Intercity Group","og_description":"Unsere Organisation ist agil und immer nah am Kunden. Durch flache Hierarchien an unseren f\u00fcnf Standorten stellen wir schnelle Entscheidungswege sicher und sorgen daf\u00fcr, dass der Know-how-Transfer bereichs\u00fcbergreifend funktioniert.","og_url":"https:\/\/www.intercitygroup.ch\/en\/about-us\/organization\/","og_site_name":"Intercity Group","article_modified_time":"2026-03-24T09:29:43+00:00","twitter_card":"summary_large_image","schema":{"@context":"https:\/\/schema.org","@graph":[{"@type":"WebPage","@id":"https:\/\/www.intercitygroup.ch\/en\/about-us\/organization\/","url":"https:\/\/www.intercitygroup.ch\/en\/about-us\/organization\/","name":"Organisation - Intercity Group","isPartOf":{"@id":"https:\/\/www.intercitygroup.ch\/en\/#website"},"datePublished":"2018-10-15T12:55:31+00:00","dateModified":"2026-03-24T09:29:43+00:00","description":"Unsere Organisation ist agil und immer nah am Kunden. Durch flache Hierarchien an unseren f\u00fcnf Standorten stellen wir schnelle Entscheidungswege sicher und sorgen daf\u00fcr, dass der Know-how-Transfer bereichs\u00fcbergreifend funktioniert.","breadcrumb":{"@id":"https:\/\/www.intercitygroup.ch\/en\/about-us\/organization\/#breadcrumb"},"inLanguage":"en-US","potentialAction":[{"@type":"ReadAction","target":["https:\/\/www.intercitygroup.ch\/en\/about-us\/organization\/"]}]},{"@type":"BreadcrumbList","@id":"https:\/\/www.intercitygroup.ch\/en\/about-us\/organization\/#breadcrumb","itemListElement":[{"@type":"ListItem","position":1,"name":"Home","item":"https:\/\/www.intercitygroup.ch\/en\/"},{"@type":"ListItem","position":2,"name":"About us","item":"https:\/\/www.intercitygroup.ch\/en\/about-us\/"},{"@type":"ListItem","position":3,"name":"Organization"}]},{"@type":"WebSite","@id":"https:\/\/www.intercitygroup.ch\/en\/#website","url":"https:\/\/www.intercitygroup.ch\/en\/","name":"Intercity Group","description":"","potentialAction":[{"@type":"SearchAction","target":{"@type":"EntryPoint","urlTemplate":"https:\/\/www.intercitygroup.ch\/en\/?s={search_term_string}"},"query-input":{"@type":"PropertyValueSpecification","valueRequired":true,"valueName":"search_term_string"}}],"inLanguage":"en-US"}]}},"_links":{"self":[{"href":"https:\/\/www.intercitygroup.ch\/en\/wp-json\/wp\/v2\/pages\/868","targetHints":{"allow":["GET"]}}],"collection":[{"href":"https:\/\/www.intercitygroup.ch\/en\/wp-json\/wp\/v2\/pages"}],"about":[{"href":"https:\/\/www.intercitygroup.ch\/en\/wp-json\/wp\/v2\/types\/page"}],"author":[{"embeddable":true,"href":"https:\/\/www.intercitygroup.ch\/en\/wp-json\/wp\/v2\/users\/24"}],"replies":[{"embeddable":true,"href":"https:\/\/www.intercitygroup.ch\/en\/wp-json\/wp\/v2\/comments?post=868"}],"version-history":[{"count":91,"href":"https:\/\/www.intercitygroup.ch\/en\/wp-json\/wp\/v2\/pages\/868\/revisions"}],"predecessor-version":[{"id":3292,"href":"https:\/\/www.intercitygroup.ch\/en\/wp-json\/wp\/v2\/pages\/868\/revisions\/3292"}],"up":[{"embeddable":true,"href":"https:\/\/www.intercitygroup.ch\/en\/wp-json\/wp\/v2\/pages\/862"}],"wp:attachment":[{"href":"https:\/\/www.intercitygroup.ch\/en\/wp-json\/wp\/v2\/media?parent=868"}],"curies":[{"name":"wp","href":"https:\/\/api.w.org\/{rel}","templated":true}]}}